{"id":504,"date":"2023-10-24T17:36:50","date_gmt":"2023-10-24T15:36:50","guid":{"rendered":"https:\/\/isabellehaas.fr\/?page_id=504"},"modified":"2023-11-29T18:56:12","modified_gmt":"2023-11-29T17:56:12","slug":"demarche-artistique","status":"publish","type":"page","link":"https:\/\/isabellehaas.fr\/index.php\/demarche-artistique\/","title":{"rendered":"D\u00e9marche artistique"},"content":{"rendered":"<p style=\"text-align: center;\">La terre, le gr\u00e8s, le travail du modelage, s\u2019est impos\u00e9 \u00e0 moi comme une \u00e9vidence.<br \/>J\u2019aime toucher la terre, lui donner une forme, parfois de fa\u00e7on pr\u00e9m\u00e9dit\u00e9e, le plus\u2028 souvent en me laissant surprendre, attendant que la rencontre se fasse en voyant\u2028 surgir un visage, une \u00e2me venant \u00e9clairer la sculpture du dedans.<br \/>Mes th\u00e8mes de pr\u00e9dilection sont la mythologie (Pomone), les contes (Barbe-\u2028Bleue), les \u00e9motions (Nostalgie, R\u00e9miniscence), la nature (la Montagne, l\u2019\u00c2me\u2028 de l\u2019Arbre), les animaux (Loutre Noire pour un hommage \u00e0 Soulages).<br \/>Mon approche figurative s\u2019exprime par le travail d\u2019apr\u00e8s mod\u00e8le vivant, mais le\u2028 plus souvent na\u00eet directement de mon imaginaire, sans support visuel ni dessin au\u2028 pr\u00e9alable.\u2028<br \/>Mes sculptures ne se limitent pas \u00e0 des formes, elles traduisent une int\u00e9riorit\u00e9, une\u2028 conscience, une vie secr\u00e8te.<br \/>La couleur, les patines, interviennent comme une part importante dans le\u2028 processus cr\u00e9atif et sont le fruit de recherches constantes.<br \/>Plus que tout, ce qui m\u2019importe, c\u2019est la joie de faire une sculpture. \u00a0<\/p>\r\n<p>&nbsp;<\/p>\r\n<!-- \/wp:post-content -->\r\n\r\n<!-- wp:image {\"id\":59,\"sizeSlug\":\"full\",\"linkDestination\":\"none\"} -->\r\n<figure class=\"wp-block-image size-full\"><img fetchpriority=\"high\" decoding=\"async\" class=\"wp-image-59 aligncenter\" src=\"https:\/\/isabellehaas.fr\/wp-content\/uploads\/2023\/07\/isa-au-travail-3.webp\" alt=\"\" width=\"525\" height=\"349\" srcset=\"https:\/\/isabellehaas.fr\/wp-content\/uploads\/2023\/07\/isa-au-travail-3.webp 525w, https:\/\/isabellehaas.fr\/wp-content\/uploads\/2023\/07\/isa-au-travail-3-300x199.webp 300w\" sizes=\"(max-width: 525px) 100vw, 525px\" \/><\/figure>","protected":false},"excerpt":{"rendered":"<p>La terre, le gr\u00e8s, le travail du modelage, s\u2019est impos\u00e9 \u00e0 moi comme une \u00e9vidence.J\u2019aime toucher la terre, lui donner une forme, parfois de fa\u00e7on pr\u00e9m\u00e9dit\u00e9e, le plus\u2028 souvent en me laissant surprendre, attendant que la rencontre se fasse en voyant\u2028 surgir un visage, une \u00e2me venant \u00e9clairer la sculpture du dedans.Mes th\u00e8mes de pr\u00e9dilection &hellip; <\/p>\n<p class=\"link-more\"><a href=\"https:\/\/isabellehaas.fr\/index.php\/demarche-artistique\/\" class=\"more-link\">Lire la suite de<span class=\"screen-reader-text\">\u00ab\u00a0D\u00e9marche artistique\u00a0\u00bb<\/span><\/a><\/p>\n","protected":false},"author":1,"featured_media":0,"parent":0,"menu_order":0,"comment_status":"closed","ping_status":"closed","template":"","meta":{"footnotes":""},"class_list":["post-504","page","type-page","status-publish","hentry"],"featured_media_urls":[],"_links":{"self":[{"href":"https:\/\/isabellehaas.fr\/index.php\/wp-json\/wp\/v2\/pages\/504","targetHints":{"allow":["GET"]}}],"collection":[{"href":"https:\/\/isabellehaas.fr\/index.php\/wp-json\/wp\/v2\/pages"}],"about":[{"href":"https:\/\/isabellehaas.fr\/index.php\/wp-json\/wp\/v2\/types\/page"}],"author":[{"embeddable":true,"href":"https:\/\/isabellehaas.fr\/index.php\/wp-json\/wp\/v2\/users\/1"}],"replies":[{"embeddable":true,"href":"https:\/\/isabellehaas.fr\/index.php\/wp-json\/wp\/v2\/comments?post=504"}],"version-history":[{"count":7,"href":"https:\/\/isabellehaas.fr\/index.php\/wp-json\/wp\/v2\/pages\/504\/revisions"}],"predecessor-version":[{"id":516,"href":"https:\/\/isabellehaas.fr\/index.php\/wp-json\/wp\/v2\/pages\/504\/revisions\/516"}],"wp:attachment":[{"href":"https:\/\/isabellehaas.fr\/index.php\/wp-json\/wp\/v2\/media?parent=504"}],"curies":[{"name":"wp","href":"https:\/\/api.w.org\/{rel}","templated":true}]}}