{"id":433,"date":"2023-10-24T16:33:41","date_gmt":"2023-10-24T14:33:41","guid":{"rendered":"https:\/\/isabellehaas.fr\/?page_id=433"},"modified":"2024-09-01T19:42:47","modified_gmt":"2024-09-01T17:42:47","slug":"presentation-2","status":"publish","type":"page","link":"https:\/\/isabellehaas.fr\/index.php\/presentation-2\/","title":{"rendered":"Pr\u00e9sentation"},"content":{"rendered":"<p><strong>PARCOURS<\/strong><\/p>\r\n<p><img fetchpriority=\"high\" decoding=\"async\" class=\"size-medium wp-image-561 aligncenter\" src=\"https:\/\/isabellehaas.fr\/wp-content\/uploads\/2023\/10\/Toscane-ete-2007-225x300.jpg\" alt=\"\" width=\"225\" height=\"300\" srcset=\"https:\/\/isabellehaas.fr\/wp-content\/uploads\/2023\/10\/Toscane-ete-2007-225x300.jpg 225w, https:\/\/isabellehaas.fr\/wp-content\/uploads\/2023\/10\/Toscane-ete-2007-600x800.jpg 600w, https:\/\/isabellehaas.fr\/wp-content\/uploads\/2023\/10\/Toscane-ete-2007-768x1024.jpg 768w, https:\/\/isabellehaas.fr\/wp-content\/uploads\/2023\/10\/Toscane-ete-2007-1152x1536.jpg 1152w, https:\/\/isabellehaas.fr\/wp-content\/uploads\/2023\/10\/Toscane-ete-2007-1536x2048.jpg 1536w, https:\/\/isabellehaas.fr\/wp-content\/uploads\/2023\/10\/Toscane-ete-2007-2000x2667.jpg 2000w, https:\/\/isabellehaas.fr\/wp-content\/uploads\/2023\/10\/Toscane-ete-2007-1200x1600.jpg 1200w, https:\/\/isabellehaas.fr\/wp-content\/uploads\/2023\/10\/Toscane-ete-2007-scaled.jpg 1920w\" sizes=\"(max-width: 225px) 100vw, 225px\" \/><\/p>\r\n<p style=\"text-align: center;\">Aussi loin que je me souvienne j&rsquo;ai toujours \u00e9t\u00e9 sensible \u00e0 l&rsquo;art sous toutes ses formes, et peut-\u00eatre plus particuli\u00e8rement aux arts plastiques et \u00e0 la photographie. Vers l&rsquo;\u00e2ge de 16 ans j&rsquo;ai d\u00e9couvert le travail de Germaine Richier et ce fut un choc. Cela renfor\u00e7at consid\u00e9rablement mon attrait pour la sculpture.<\/p>\r\n<p style=\"text-align: center;\">C&rsquo;est \u00e0 l&rsquo;\u00e2ge de 18 ans que je pus enfin concr\u00e9tiser mon r\u00eave lorsque je partis vivre \u00e0 S\u00e9ville. J&rsquo;eus la chance de prendre des cours particuliers de modelage aupr\u00e8s de Me\u00f1a Morillas dans l&rsquo;atmosph\u00e8re magique et authentique de l&rsquo;atelier s\u00e9villan qu&rsquo;elle partageait avec son \u00e9poux, le peintre Paco Broca.<\/p>\r\n<p style=\"text-align: center;\">Cette exp\u00e9rience fut d\u00e9cisive et me donna la conviction que la sculpture serait ma voie. De retour en France, je poursuivis mon apprentissage \u00e0 Tours, aupr\u00e8s de la sculptrice Marie-Jos\u00e8phe Stenne (photo) aupr\u00e8s de qui j&rsquo;ai appris et \u00e9tudi\u00e9 le modelage durant sept ans. Copies, \u00e9tudes avec mod\u00e8le vivant, cr\u00e9ation libre, etc<\/p>\r\n<p><img decoding=\"async\" class=\"wp-image-549 size-medium aligncenter\" src=\"https:\/\/isabellehaas.fr\/wp-content\/uploads\/2023\/07\/Marie-Josephe-Stenne-2-300x232.jpg\" alt=\"\" width=\"300\" height=\"232\" srcset=\"https:\/\/isabellehaas.fr\/wp-content\/uploads\/2023\/07\/Marie-Josephe-Stenne-2-300x232.jpg 300w, https:\/\/isabellehaas.fr\/wp-content\/uploads\/2023\/07\/Marie-Josephe-Stenne-2.jpg 506w\" sizes=\"(max-width: 300px) 100vw, 300px\" \/><\/p>\r\n<p style=\"text-align: center;\">Je suivis \u00e9galement une formation professionnelle de sculpture ornementale sur pierre. Mais mon lien avec la terre \u00e9tait trop fort pour s&rsquo;arr\u00eater l\u00e0. Je cr\u00e9ai un atelier en 2006 \u00e0 Montpellier pour transmettre \u00e0 mon tour et me d\u00e9dier parall\u00e8lement \u00e0 mes cr\u00e9ations.<\/p>\r\n<p>&nbsp;<\/p>\r\n<p>&nbsp;<\/p>\r\n<p><strong>DEMARCHE ARTISTIQUE<\/strong><\/p>\r\n<p style=\"text-align: center;\">La terre, le gr\u00e8s, le travail du modelage, s\u2019est impos\u00e9 \u00e0 moi comme une \u00e9vidence. J\u2019aime toucher la terre, lui donner une forme, parfois de fa\u00e7on pr\u00e9m\u00e9dit\u00e9e, le plus\u2028 souvent en me laissant surprendre, attendant que la rencontre se fasse en voyant\u2028 surgir un visage, une \u00e2me venant \u00e9clairer la sculpture du dedans. Mes th\u00e8mes de pr\u00e9dilection sont la mythologie (Pomone), les contes (Barbe-\u2028Bleue), les \u00e9motions (Nostalgie, R\u00e9miniscence), la nature (la Montagne, l\u2019\u00c2me\u2028 de l\u2019Arbre), les animaux (Loutre Noire pour un hommage \u00e0 Soulages). Mon approche figurative s\u2019exprime par le travail d\u2019apr\u00e8s mod\u00e8le vivant, mais le\u2028 plus souvent na\u00eet directement de mon imaginaire, sans support visuel ni dessin au\u2028 pr\u00e9alable. Mes sculptures ne se limitent pas \u00e0 des formes, elles traduisent une int\u00e9riorit\u00e9, une\u2028 conscience, une vie secr\u00e8te. La couleur, les patines, interviennent comme une part importante dans le\u2028 processus cr\u00e9atif et sont le fruit de recherches constantes. Plus que tout, ce qui m\u2019importe, c\u2019est la joie de faire une sculpture. \u00a0 <!-- \/wp:post-content -->\r\n\r\n<!-- wp:image {\"id\":59,\"sizeSlug\":\"full\",\"linkDestination\":\"none\"} --><\/p>\r\n<figure class=\"wp-block-image size-full\"><img decoding=\"async\" class=\"wp-image-59 aligncenter\" src=\"https:\/\/isabellehaas.fr\/wp-content\/uploads\/2023\/07\/isa-au-travail-3.webp\" alt=\"\" width=\"525\" height=\"349\" srcset=\"https:\/\/isabellehaas.fr\/wp-content\/uploads\/2023\/07\/isa-au-travail-3.webp 525w, https:\/\/isabellehaas.fr\/wp-content\/uploads\/2023\/07\/isa-au-travail-3-300x199.webp 300w\" sizes=\"(max-width: 525px) 100vw, 525px\" \/><\/figure>","protected":false},"excerpt":{"rendered":"<p>PARCOURS Aussi loin que je me souvienne j&rsquo;ai toujours \u00e9t\u00e9 sensible \u00e0 l&rsquo;art sous toutes ses formes, et peut-\u00eatre plus particuli\u00e8rement aux arts plastiques et \u00e0 la photographie. Vers l&rsquo;\u00e2ge de 16 ans j&rsquo;ai d\u00e9couvert le travail de Germaine Richier et ce fut un choc. Cela renfor\u00e7at consid\u00e9rablement mon attrait pour la sculpture. C&rsquo;est \u00e0 &hellip; <\/p>\n<p class=\"link-more\"><a href=\"https:\/\/isabellehaas.fr\/index.php\/presentation-2\/\" class=\"more-link\">Lire la suite de<span class=\"screen-reader-text\">\u00ab\u00a0Pr\u00e9sentation\u00a0\u00bb<\/span><\/a><\/p>\n","protected":false},"author":1,"featured_media":0,"parent":0,"menu_order":0,"comment_status":"closed","ping_status":"closed","template":"","meta":{"footnotes":""},"class_list":["post-433","page","type-page","status-publish","hentry"],"featured_media_urls":[],"_links":{"self":[{"href":"https:\/\/isabellehaas.fr\/index.php\/wp-json\/wp\/v2\/pages\/433","targetHints":{"allow":["GET"]}}],"collection":[{"href":"https:\/\/isabellehaas.fr\/index.php\/wp-json\/wp\/v2\/pages"}],"about":[{"href":"https:\/\/isabellehaas.fr\/index.php\/wp-json\/wp\/v2\/types\/page"}],"author":[{"embeddable":true,"href":"https:\/\/isabellehaas.fr\/index.php\/wp-json\/wp\/v2\/users\/1"}],"replies":[{"embeddable":true,"href":"https:\/\/isabellehaas.fr\/index.php\/wp-json\/wp\/v2\/comments?post=433"}],"version-history":[{"count":6,"href":"https:\/\/isabellehaas.fr\/index.php\/wp-json\/wp\/v2\/pages\/433\/revisions"}],"predecessor-version":[{"id":644,"href":"https:\/\/isabellehaas.fr\/index.php\/wp-json\/wp\/v2\/pages\/433\/revisions\/644"}],"wp:attachment":[{"href":"https:\/\/isabellehaas.fr\/index.php\/wp-json\/wp\/v2\/media?parent=433"}],"curies":[{"name":"wp","href":"https:\/\/api.w.org\/{rel}","templated":true}]}}