{"id":274,"date":"2023-07-21T23:05:01","date_gmt":"2023-07-21T21:05:01","guid":{"rendered":"https:\/\/isabellehaas.fr\/?page_id=274"},"modified":"2023-10-24T17:33:34","modified_gmt":"2023-10-24T15:33:34","slug":"expositions-disabelle-haas","status":"publish","type":"page","link":"https:\/\/isabellehaas.fr\/index.php\/expositions-disabelle-haas\/","title":{"rendered":"Expositions d&rsquo;Isabelle Haas"},"content":{"rendered":"\t\t<div data-elementor-type=\"wp-page\" data-elementor-id=\"274\" class=\"elementor elementor-274\">\n\t\t\t\t\t\t<section class=\"elementor-section elementor-top-section elementor-element elementor-element-25365329 elementor-section-boxed elementor-section-height-default elementor-section-height-default\" data-id=\"25365329\" data-element_type=\"section\">\n\t\t\t\t\t\t<div class=\"elementor-container elementor-column-gap-default\">\n\t\t\t\t\t<div class=\"elementor-column elementor-col-100 elementor-top-column elementor-element elementor-element-657e3475\" data-id=\"657e3475\" data-element_type=\"column\">\n\t\t\t<div class=\"elementor-widget-wrap elementor-element-populated\">\n\t\t\t\t\t\t<div class=\"elementor-element elementor-element-658af31a elementor-widget elementor-widget-text-editor\" data-id=\"658af31a\" data-element_type=\"widget\" data-widget_type=\"text-editor.default\">\n\t\t\t\t<div class=\"elementor-widget-container\">\n\t\t\t\t\t\t\t\t\t<ul><li>2023<br \/>&#8211; Salon de Juvignac (34)<p>&#8211; Exposition avec Sylvie Seigneuret \u00e0 la Chapelle de Montbazin (34)<\/p><p>Interview par Jean-Baptiste Rousseau :<\/p><div style=\"width: 640px;\" class=\"wp-video\"><video class=\"wp-video-shortcode\" id=\"video-274-1\" width=\"640\" height=\"360\" poster=\"https:\/\/isabellehaas.fr\/wp-content\/uploads\/2023\/10\/affiche-decrochage-Montbazin.jpg\" preload=\"metadata\" controls=\"controls\"><source type=\"video\/mp4\" src=\"https:\/\/isabellehaas.fr\/wp-content\/uploads\/2023\/10\/Exposition-de-Sylvie-Seigneuret-dessin-peinture-et-Isabelle-Haas-sculpture-Montbazin-34.mp4?_=1\" \/><a href=\"https:\/\/isabellehaas.fr\/wp-content\/uploads\/2023\/10\/Exposition-de-Sylvie-Seigneuret-dessin-peinture-et-Isabelle-Haas-sculpture-Montbazin-34.mp4\">https:\/\/isabellehaas.fr\/wp-content\/uploads\/2023\/10\/Exposition-de-Sylvie-Seigneuret-dessin-peinture-et-Isabelle-Haas-sculpture-Montbazin-34.mp4<\/a><\/video><\/div><p>Interview par Micha Cotte :<\/p><div style=\"width: 950px;\" class=\"wp-video\"><video class=\"wp-video-shortcode\" id=\"video-274-2\" width=\"950\" height=\"534\" preload=\"metadata\" controls=\"controls\"><source type=\"video\/mp4\" src=\"https:\/\/isabellehaas.fr\/wp-content\/uploads\/2023\/10\/Sylvie-Seigneuret-Isabelle-Haas.mp4?_=2\" \/><a href=\"https:\/\/isabellehaas.fr\/wp-content\/uploads\/2023\/10\/Sylvie-Seigneuret-Isabelle-Haas.mp4\">https:\/\/isabellehaas.fr\/wp-content\/uploads\/2023\/10\/Sylvie-Seigneuret-Isabelle-Haas.mp4<\/a><\/video><\/div><p>&#8211; Exposition \u00ab\u00a0La Ronde des Arts\u00a0\u00bb \u00e0 Saint-Jean du Bruel<\/p><p>&#8211; 33\u00e8me parcours d&rsquo;ateliers des Briscarts avec la peintre Taou\u00e8s Talata, Montpellier<\/p><\/li><li>2022<p>&#8211; Exposition collective \u00ab\u00a0La ronde des arts\u00a0\u00bb, \u00e0 la Maison du Parc, Saint-Jean-du-Bruel (12)<\/p><p>&#8211; 31e Parcours d&rsquo;ateliers des Briscarts avec le photographe Christophe Doyen, Montpellier<\/p><p>&#8211; Exposition \u00ab\u00a0Mythologies\u00a0\u00bb avec les encres de Sylvie Seigneuret \u00e0 l&rsquo;atelier l&rsquo;Athanor<\/p><\/li><li>2021<p>&#8211; Salon de sculpture L&rsquo;art et la mati\u00e8re, St Cl\u00e9ment de Rivi\u00e8re (34)<\/p><p>&#8211; Humus, exposition personnelle \u00e0 l&rsquo;Atelier Capifrance, Montpellier<\/p><p>&#8211; Sainte Faustine, Commande pour l&rsquo;\u00e9glise Saint Cl\u00e9ophas, Montpellier<\/p><\/li><li>2020<p>&#8211; Salon des Artistes R\u00e9gionaux, Juvignac<\/p><p>&#8211; 26e et 27e Parcours d&rsquo;ateliers des Briscarts, Montpellier<\/p><\/li><li>2019<p>&#8211; 25e Parcours d&rsquo;ateliers des Briscarts, Montpellier<\/p><\/li><li>2018<p>&#8211; 23e et 24e Parcours d&rsquo;ateliers des Briscarts, Montpellier<\/p><\/li><li>2017<p>&#8211; \u00ab\u00a0Sculptures en chemin\u00a0\u00bb, exposition collective, parc du Mas Reynes, Montpellier<\/p><p>&#8211; 21e et 22e Parcours d&rsquo;ateliers des Briscarts, Montpellier<\/p><\/li><li>2016<p>&#8211; \u00ab\u00a0A la rencontre des sensibles\u00a0\u00bb, exposition collective,<\/p><p>&#8211; atelier Vincent Millot, Montpellier<\/p><p>&#8211; \u00ab\u00a0Arts mouvements Expo\u00a0\u00bb, exposition collective, Maison de Relations Internationales, Montpellier<\/p><p>&#8211; 19e et 20e Parcours d&rsquo;ateliers des Briscarts, Montpellier<\/p><\/li><li>2015<br \/>&#8211; Salon des Artistes R\u00e9gionaux, Juvignac, en tant qu&rsquo;artiste exposant et membre du jury<p>&#8211; 17e et 18e Parcours d&rsquo;ateliers des Briscarts, Montpellier<\/p><\/li><\/ul>\t\t\t\t\t\t\t\t<\/div>\n\t\t\t\t<\/div>\n\t\t\t\t\t<\/div>\n\t\t<\/div>\n\t\t\t\t\t<\/div>\n\t\t<\/section>\n\t\t\t\t<\/div>\n\t\t","protected":false},"excerpt":{"rendered":"<p>2023&#8211; Salon de Juvignac (34) &#8211; Exposition avec Sylvie Seigneuret \u00e0 la Chapelle de Montbazin (34) Interview par Jean-Baptiste Rousseau : Interview par Micha Cotte : &#8211; Exposition \u00ab\u00a0La Ronde des Arts\u00a0\u00bb \u00e0 Saint-Jean du Bruel &#8211; 33\u00e8me parcours d&rsquo;ateliers des Briscarts avec la peintre Taou\u00e8s Talata, Montpellier 2022 &#8211; Exposition collective \u00ab\u00a0La ronde des &hellip; <\/p>\n<p class=\"link-more\"><a href=\"https:\/\/isabellehaas.fr\/index.php\/expositions-disabelle-haas\/\" class=\"more-link\">Lire la suite de<span class=\"screen-reader-text\">\u00ab\u00a0Expositions d&rsquo;Isabelle Haas\u00a0\u00bb<\/span><\/a><\/p>\n","protected":false},"author":1,"featured_media":0,"parent":0,"menu_order":0,"comment_status":"closed","ping_status":"closed","template":"","meta":{"footnotes":""},"class_list":["post-274","page","type-page","status-publish","hentry"],"featured_media_urls":[],"_links":{"self":[{"href":"https:\/\/isabellehaas.fr\/index.php\/wp-json\/wp\/v2\/pages\/274","targetHints":{"allow":["GET"]}}],"collection":[{"href":"https:\/\/isabellehaas.fr\/index.php\/wp-json\/wp\/v2\/pages"}],"about":[{"href":"https:\/\/isabellehaas.fr\/index.php\/wp-json\/wp\/v2\/types\/page"}],"author":[{"embeddable":true,"href":"https:\/\/isabellehaas.fr\/index.php\/wp-json\/wp\/v2\/users\/1"}],"replies":[{"embeddable":true,"href":"https:\/\/isabellehaas.fr\/index.php\/wp-json\/wp\/v2\/comments?post=274"}],"version-history":[{"count":57,"href":"https:\/\/isabellehaas.fr\/index.php\/wp-json\/wp\/v2\/pages\/274\/revisions"}],"predecessor-version":[{"id":502,"href":"https:\/\/isabellehaas.fr\/index.php\/wp-json\/wp\/v2\/pages\/274\/revisions\/502"}],"wp:attachment":[{"href":"https:\/\/isabellehaas.fr\/index.php\/wp-json\/wp\/v2\/media?parent=274"}],"curies":[{"name":"wp","href":"https:\/\/api.w.org\/{rel}","templated":true}]}}