{"id":185,"date":"2023-07-20T23:36:30","date_gmt":"2023-07-20T21:36:30","guid":{"rendered":"https:\/\/isabellehaas.fr\/?page_id=185"},"modified":"2024-08-28T16:36:38","modified_gmt":"2024-08-28T14:36:38","slug":"galerie-des-oeuvres","status":"publish","type":"page","link":"https:\/\/isabellehaas.fr\/index.php\/galerie-des-oeuvres\/","title":{"rendered":"Galerie des \u0153uvres"},"content":{"rendered":"<p>&nbsp;<\/p>\n<p><img fetchpriority=\"high\" decoding=\"async\" class=\"size-medium wp-image-632 aligncenter\" src=\"https:\/\/isabellehaas.fr\/wp-content\/uploads\/2024\/08\/IMG_36504-169x300.jpg\" alt=\"\" width=\"169\" height=\"300\" srcset=\"https:\/\/isabellehaas.fr\/wp-content\/uploads\/2024\/08\/IMG_36504-169x300.jpg 169w, https:\/\/isabellehaas.fr\/wp-content\/uploads\/2024\/08\/IMG_36504-576x1024.jpg 576w, https:\/\/isabellehaas.fr\/wp-content\/uploads\/2024\/08\/IMG_36504-768x1364.jpg 768w, https:\/\/isabellehaas.fr\/wp-content\/uploads\/2024\/08\/IMG_36504-865x1536.jpg 865w, https:\/\/isabellehaas.fr\/wp-content\/uploads\/2024\/08\/IMG_36504-1153x2048.jpg 1153w, https:\/\/isabellehaas.fr\/wp-content\/uploads\/2024\/08\/IMG_36504-2000x3553.jpg 2000w, https:\/\/isabellehaas.fr\/wp-content\/uploads\/2024\/08\/IMG_36504-scaled.jpg 1441w\" sizes=\"(max-width: 169px) 100vw, 169px\" \/><\/p>\n<p>Voici une pr\u00e9sentation de quelques \u0153uvres de l&rsquo;artiste. Certaines sont d\u00e9j\u00e0 vendues ou r\u00e9serv\u00e9es. Bonne visite !<\/p>\n<p>&nbsp;<\/p>\n<div class=\"rl-gallery-container rl-loading rl-pagination-infinite\" id=\"rl-gallery-container-1\" data-gallery_id=\"195\"> <h4 class=\"rl-gallery-title\">Les sculptures originales d&rsquo;Isabelle Haas<\/h4> <div class=\"rl-gallery rl-basicmasonry-gallery rl-hover-effect-7 rl-hover-icon-9\" id=\"rl-gallery-1\" data-gallery_no=\"1\"> <div class=\"rl-gutter-sizer\"><\/div><div class=\"rl-grid-sizer\"><\/div> <div class=\"rl-gallery-item rl-gallery-item-width-4\" > <div class=\"rl-gallery-item-content\"> <a href=\"https:\/\/isabellehaas.fr\/wp-content\/uploads\/2023\/07\/1-Athena-2-scaled.jpg\" title=\"Ath\u00e9na (Isabelle Haas)\" data-rl_title=\"Ath\u00e9na (Isabelle Haas)\" class=\"rl-gallery-link\" data-rl_caption=\"\" data-rel=\"lightbox-gallery-1\" data-magnific_type=\"gallery\"><img decoding=\"async\" src=\"https:\/\/isabellehaas.fr\/wp-content\/uploads\/2023\/07\/1-Athena-2-scaled.jpg\" width=\"1707\" height=\"2560\" alt=\"\" \/><span class=\"rl-gallery-caption\"><span class=\"rl-gallery-item-title\">Ath\u00e9na (Isabelle Haas)<\/span><span class=\"rl-gallery-item-caption\">Pi\u00e8ce en terre cuite patin\u00e9e h cm x l cm \u00a9Isabelle Haas<\/span><\/span><\/a> <\/div> <\/div> <div class=\"rl-gallery-item\" > <div class=\"rl-gallery-item-content\"> <a href=\"https:\/\/isabellehaas.fr\/wp-content\/uploads\/2023\/07\/2-Lazare-2-scaled.jpg\" title=\"Lazare (Isabelle Haas)\" data-rl_title=\"Lazare (Isabelle Haas)\" class=\"rl-gallery-link\" data-rl_caption=\"\" data-rel=\"lightbox-gallery-1\" data-magnific_type=\"gallery\"><img decoding=\"async\" src=\"https:\/\/isabellehaas.fr\/wp-content\/uploads\/2023\/07\/2-Lazare-2-scaled.jpg\" width=\"1707\" height=\"2560\" alt=\"\" \/><span class=\"rl-gallery-caption\"><span class=\"rl-gallery-item-title\">Lazare (Isabelle Haas)<\/span><span class=\"rl-gallery-item-caption\">Pi\u00e8ce en terre cuite patin\u00e9e h cm x l cm \u00a9Isabelle Haas<\/span><\/span><\/a> <\/div> <\/div> <div class=\"rl-gallery-item\" > <div class=\"rl-gallery-item-content\"> <a href=\"https:\/\/isabellehaas.fr\/wp-content\/uploads\/2023\/07\/la-reine-decc81tail-isabelle-haas-1-scaled.webp\" title=\"La Reine, d\u00e9tail (Isabelle Haas)\" data-rl_title=\"La Reine, d\u00e9tail (Isabelle Haas)\" class=\"rl-gallery-link\" data-rl_caption=\"\" data-rel=\"lightbox-gallery-1\" data-magnific_type=\"gallery\"><img loading=\"lazy\" decoding=\"async\" src=\"https:\/\/isabellehaas.fr\/wp-content\/uploads\/2023\/07\/la-reine-decc81tail-isabelle-haas-1-scaled.webp\" width=\"1707\" height=\"2560\" alt=\"\" \/><span class=\"rl-gallery-caption\"><span class=\"rl-gallery-item-title\">La Reine, d\u00e9tail (Isabelle Haas)<\/span><span class=\"rl-gallery-item-caption\">Pi\u00e8ce en terre cuite patin\u00e9e h cm x l cm \u00a9Isabelle Haas<\/span><\/span><\/a> <\/div> <\/div> <div class=\"rl-gallery-item\" > <div class=\"rl-gallery-item-content\"> <a href=\"https:\/\/isabellehaas.fr\/wp-content\/uploads\/2023\/07\/la-reine-decc81tail-isabelle-haas-scaled.webp\" title=\"La Reine, d\u00e9tail (Isabelle Haas)\" data-rl_title=\"La Reine, d\u00e9tail (Isabelle Haas)\" class=\"rl-gallery-link\" data-rl_caption=\"\" data-rel=\"lightbox-gallery-1\" data-magnific_type=\"gallery\"><img loading=\"lazy\" decoding=\"async\" src=\"https:\/\/isabellehaas.fr\/wp-content\/uploads\/2023\/07\/la-reine-decc81tail-isabelle-haas-scaled.webp\" width=\"1707\" height=\"2560\" alt=\"\" \/><span class=\"rl-gallery-caption\"><span class=\"rl-gallery-item-title\">La Reine, d\u00e9tail (Isabelle Haas)<\/span><span class=\"rl-gallery-item-caption\">Pi\u00e8ce en terre cuite patin\u00e9e h cm x l cm \u00a9Isabelle Haas<\/span><\/span><\/a> <\/div> <\/div> <div class=\"rl-gallery-item\" > <div class=\"rl-gallery-item-content\"> <a href=\"https:\/\/isabellehaas.fr\/wp-content\/uploads\/2023\/07\/la-reine-isabelle-haas-1-scaled.webp\" title=\"La Reine (Isabelle Haas)\" data-rl_title=\"La Reine (Isabelle Haas)\" class=\"rl-gallery-link\" data-rl_caption=\"\" data-rel=\"lightbox-gallery-1\" data-magnific_type=\"gallery\"><img loading=\"lazy\" decoding=\"async\" src=\"https:\/\/isabellehaas.fr\/wp-content\/uploads\/2023\/07\/la-reine-isabelle-haas-1-scaled.webp\" width=\"1706\" height=\"2560\" alt=\"\" \/><span class=\"rl-gallery-caption\"><span class=\"rl-gallery-item-title\">La Reine (Isabelle Haas)<\/span><span class=\"rl-gallery-item-caption\">Pi\u00e8ce en terre cuite patin\u00e9e h cm x l cm \u00a9Isabelle Haas<\/span><\/span><\/a> <\/div> <\/div> <div class=\"rl-gallery-item\" > <div class=\"rl-gallery-item-content\"> <a href=\"https:\/\/isabellehaas.fr\/wp-content\/uploads\/2023\/07\/le-roi.-isabelle-haas-scaled.webp\" title=\"Le Roi (Isabelle Haas)\" data-rl_title=\"Le Roi (Isabelle Haas)\" class=\"rl-gallery-link\" data-rl_caption=\"\" data-rel=\"lightbox-gallery-1\" data-magnific_type=\"gallery\"><img loading=\"lazy\" decoding=\"async\" src=\"https:\/\/isabellehaas.fr\/wp-content\/uploads\/2023\/07\/le-roi.-isabelle-haas-scaled.webp\" width=\"1441\" height=\"2560\" alt=\"\" \/><span class=\"rl-gallery-caption\"><span class=\"rl-gallery-item-title\">Le Roi (Isabelle Haas)<\/span><span class=\"rl-gallery-item-caption\">Pi\u00e8ce en terre cuite patin\u00e9e h cm x l cm \u00a9Isabelle Haas<\/span><\/span><\/a> <\/div> <\/div> <div class=\"rl-gallery-item\" > <div class=\"rl-gallery-item-content\"> <a href=\"https:\/\/isabellehaas.fr\/wp-content\/uploads\/2023\/07\/le-roi.-isabelle-haas-1-scaled.webp\" title=\"Le Roi (Isabelle Haas)\" data-rl_title=\"Le Roi (Isabelle Haas)\" class=\"rl-gallery-link\" data-rl_caption=\"\" data-rel=\"lightbox-gallery-1\" data-magnific_type=\"gallery\"><img loading=\"lazy\" decoding=\"async\" src=\"https:\/\/isabellehaas.fr\/wp-content\/uploads\/2023\/07\/le-roi.-isabelle-haas-1-scaled.webp\" width=\"1441\" height=\"2560\" alt=\"\" \/><span class=\"rl-gallery-caption\"><span class=\"rl-gallery-item-title\">Le Roi (Isabelle Haas)<\/span><span class=\"rl-gallery-item-caption\">Pi\u00e8ce en terre cuite patin\u00e9e h cm x l cm \u00a9Isabelle Haas<\/span><\/span><\/a> <\/div> <\/div> <div class=\"rl-gallery-item\" > <div class=\"rl-gallery-item-content\"> <a href=\"https:\/\/isabellehaas.fr\/wp-content\/uploads\/2023\/07\/Pomone-Isabelle-Haas-2-scaled.jpeg\" title=\"Pomone &#8211; Isabelle Haas\" data-rl_title=\"Pomone &#8211; Isabelle Haas\" class=\"rl-gallery-link\" data-rl_caption=\"\" data-rel=\"lightbox-gallery-1\" data-magnific_type=\"gallery\"><img loading=\"lazy\" decoding=\"async\" src=\"https:\/\/isabellehaas.fr\/wp-content\/uploads\/2023\/07\/Pomone-Isabelle-Haas-2-scaled.jpeg\" width=\"1920\" height=\"2560\" alt=\"Pomone\" \/><span class=\"rl-gallery-caption\"><span class=\"rl-gallery-item-title\">Pomone &#8211; Isabelle Haas<\/span><span class=\"rl-gallery-item-caption\">Pi\u00e8ce en terre cuite patin\u00e9e h cm x l cm \u00a9Isabelle Haas<\/span><\/span><\/a> <\/div> <\/div> <div class=\"rl-gallery-item\" > <div class=\"rl-gallery-item-content\"> <a href=\"https:\/\/isabellehaas.fr\/wp-content\/uploads\/2023\/07\/LAme-de-larbre-2-scaled.jpg\" title=\"L&rsquo;A\u0302me de l&rsquo;arbre\" data-rl_title=\"L&rsquo;A\u0302me de l&rsquo;arbre\" class=\"rl-gallery-link\" data-rl_caption=\"\" data-rel=\"lightbox-gallery-1\" data-magnific_type=\"gallery\"><img loading=\"lazy\" decoding=\"async\" src=\"https:\/\/isabellehaas.fr\/wp-content\/uploads\/2023\/07\/LAme-de-larbre-2-scaled.jpg\" width=\"1707\" height=\"2560\" alt=\"L&#039;\u00c2me de l&#039;arbre (Isabelle Haas)\" \/><span class=\"rl-gallery-caption\"><span class=\"rl-gallery-item-title\">L&rsquo;A\u0302me de l&rsquo;arbre<\/span><span class=\"rl-gallery-item-caption\">Pi\u00e8ce en terre cuite patin\u00e9e h cm x l cm \u00a9Isabelle Haas<\/span><\/span><\/a> <\/div> <\/div> <div class=\"rl-gallery-item\" > <div class=\"rl-gallery-item-content\"> <a href=\"https:\/\/isabellehaas.fr\/wp-content\/uploads\/2023\/07\/15-Aena-scaled.jpg\" title=\"Ae\u0301na (Isabelle Haas)\" data-rl_title=\"Ae\u0301na (Isabelle Haas)\" class=\"rl-gallery-link\" data-rl_caption=\"\" data-rel=\"lightbox-gallery-1\" data-magnific_type=\"gallery\"><img loading=\"lazy\" decoding=\"async\" src=\"https:\/\/isabellehaas.fr\/wp-content\/uploads\/2023\/07\/15-Aena-scaled.jpg\" width=\"1707\" height=\"2560\" alt=\"A\u00e9na (Isabelle Haas)\" \/><span class=\"rl-gallery-caption\"><span class=\"rl-gallery-item-title\">Ae\u0301na (Isabelle Haas)<\/span><span class=\"rl-gallery-item-caption\">Pi\u00e8ce en terre cuite patin\u00e9e h cm x l cm \u00a9Isabelle Haas<\/span><\/span><\/a> <\/div> <\/div> <\/div> <div class=\"rl-gallery-description\"><\/div><div class=\"rl-pagination rl-pagination-bottom\" data-button=\"manually\"><span aria-current=\"page\" class=\"page-numbers current\">1<\/span> <a class=\"page-numbers\" href=\"https:\/\/isabellehaas.fr\/index.php\/rl_gallery\/les-sculptures-originales-disabelle-haas\/?rl_gallery_no=1&#038;rl_page=2&#038;rl_lightbox_script=magnific\">2<\/a> <a class=\"page-numbers\" href=\"https:\/\/isabellehaas.fr\/index.php\/rl_gallery\/les-sculptures-originales-disabelle-haas\/?rl_gallery_no=1&#038;rl_page=3&#038;rl_lightbox_script=magnific\">3<\/a> <span class=\"page-numbers dots\">\u2026<\/span> <a class=\"page-numbers\" href=\"https:\/\/isabellehaas.fr\/index.php\/rl_gallery\/les-sculptures-originales-disabelle-haas\/?rl_gallery_no=1&#038;rl_page=11&#038;rl_lightbox_script=magnific\">11<\/a> <a class=\"next page-numbers\" href=\"https:\/\/isabellehaas.fr\/index.php\/rl_gallery\/les-sculptures-originales-disabelle-haas\/?rl_gallery_no=1&#038;rl_page=2&#038;rl_lightbox_script=magnific\">Suivante \u00bb<\/a><\/div><div class=\"rl-gallery-button\"><button class=\"rl-button rl-load-more\">Charger plus<\/button><\/div> <\/div>\n<p>Pour toute question ou demande, merci de bien vouloir remplir le questionnaire ici : <style id=\"wpforms-css-vars-212\">\n\t\t\t\t#wpforms-212 {\n\t\t\t\t\n\t\t\t}\n\t\t\t<\/style><div class=\"wpforms-container wpforms-container-full wpforms-render-modern\" id=\"wpforms-212\"><form id=\"wpforms-form-212\" class=\"wpforms-validate wpforms-form wpforms-ajax-form\" data-formid=\"212\" method=\"post\" enctype=\"multipart\/form-data\" action=\"\/index.php\/wp-json\/wp\/v2\/pages\/185\" data-token=\"886eb6bf839d2ee8104bb5427dc9b9c1\" data-token-time=\"1776589412\"><noscript class=\"wpforms-error-noscript\">Veuillez activer JavaScript dans votre navigateur pour remplir ce formulaire.<\/noscript><div id=\"wpforms-error-noscript\" style=\"display: none;\">Veuillez activer JavaScript dans votre navigateur pour remplir ce formulaire.<\/div><div class=\"wpforms-field-container\"><div id=\"wpforms-212-field_0-container\" class=\"wpforms-field wpforms-field-name\" data-field-id=\"0\"><fieldset><legend class=\"wpforms-field-label\">Nom <span class=\"wpforms-required-label\" aria-hidden=\"true\">*<\/span><\/legend><div class=\"wpforms-field-row wpforms-field-medium\"><div class=\"wpforms-field-row-block wpforms-first wpforms-one-half\"><input type=\"text\" id=\"wpforms-212-field_0\" class=\"wpforms-field-name-first wpforms-field-required\" name=\"wpforms[fields][0][first]\" aria-errormessage=\"wpforms-212-field_0-error\" required><label for=\"wpforms-212-field_0\" class=\"wpforms-field-sublabel after\">Pr\u00e9nom<\/label><\/div><div class=\"wpforms-field-row-block wpforms-one-half\"><input type=\"text\" id=\"wpforms-212-field_0-last\" class=\"wpforms-field-name-last wpforms-field-required\" name=\"wpforms[fields][0][last]\" aria-errormessage=\"wpforms-212-field_0-last-error\" required><label for=\"wpforms-212-field_0-last\" class=\"wpforms-field-sublabel after\">Nom<\/label><\/div><\/div><\/fieldset><\/div><div id=\"wpforms-212-field_1-container\" class=\"wpforms-field wpforms-field-email\" data-field-id=\"1\"><label class=\"wpforms-field-label\" for=\"wpforms-212-field_1\">E-mail <span class=\"wpforms-required-label\" aria-hidden=\"true\">*<\/span><\/label><input type=\"email\" id=\"wpforms-212-field_1\" class=\"wpforms-field-medium wpforms-field-required\" name=\"wpforms[fields][1]\" spellcheck=\"false\" aria-errormessage=\"wpforms-212-field_1-error\" required><\/div><div id=\"wpforms-212-field_2-container\" class=\"wpforms-field wpforms-field-textarea\" data-field-id=\"2\"><label class=\"wpforms-field-label\" for=\"wpforms-212-field_2\">Commentaire ou message<\/label><textarea id=\"wpforms-212-field_2\" class=\"wpforms-field-medium\" name=\"wpforms[fields][2]\" aria-errormessage=\"wpforms-212-field_2-error\" ><\/textarea><\/div><\/div><!-- .wpforms-field-container --><div class=\"wpforms-submit-container\" ><input type=\"hidden\" name=\"wpforms[id]\" value=\"212\"><input type=\"hidden\" name=\"page_title\" value=\"\"><input type=\"hidden\" name=\"page_url\" value=\"https:\/\/isabellehaas.fr\/index.php\/wp-json\/wp\/v2\/pages\/185\"><input type=\"hidden\" name=\"url_referer\" value=\"\"><button type=\"submit\" name=\"wpforms[submit]\" id=\"wpforms-submit-212\" class=\"wpforms-submit\" data-alt-text=\"Envoi...\" data-submit-text=\"Envoyer\" aria-live=\"assertive\" value=\"wpforms-submit\">Envoyer<\/button><img loading=\"lazy\" decoding=\"async\" src=\"https:\/\/isabellehaas.fr\/wp-content\/plugins\/wpforms-lite\/assets\/images\/submit-spin.svg\" class=\"wpforms-submit-spinner\" style=\"display: none;\" width=\"26\" height=\"26\" alt=\"Chargement en cours\"><\/div><\/form><\/div>  <!-- .wpforms-container --><\/p>\n","protected":false},"excerpt":{"rendered":"<p>&nbsp; Voici une pr\u00e9sentation de quelques \u0153uvres de l&rsquo;artiste. Certaines sont d\u00e9j\u00e0 vendues ou r\u00e9serv\u00e9es. Bonne visite ! &nbsp; Pour toute question ou demande, merci de bien vouloir remplir le questionnaire ici :<\/p>\n","protected":false},"author":1,"featured_media":0,"parent":0,"menu_order":0,"comment_status":"closed","ping_status":"closed","template":"","meta":{"footnotes":""},"class_list":["post-185","page","type-page","status-publish","hentry"],"featured_media_urls":[],"_links":{"self":[{"href":"https:\/\/isabellehaas.fr\/index.php\/wp-json\/wp\/v2\/pages\/185","targetHints":{"allow":["GET"]}}],"collection":[{"href":"https:\/\/isabellehaas.fr\/index.php\/wp-json\/wp\/v2\/pages"}],"about":[{"href":"https:\/\/isabellehaas.fr\/index.php\/wp-json\/wp\/v2\/types\/page"}],"author":[{"embeddable":true,"href":"https:\/\/isabellehaas.fr\/index.php\/wp-json\/wp\/v2\/users\/1"}],"replies":[{"embeddable":true,"href":"https:\/\/isabellehaas.fr\/index.php\/wp-json\/wp\/v2\/comments?post=185"}],"version-history":[{"count":18,"href":"https:\/\/isabellehaas.fr\/index.php\/wp-json\/wp\/v2\/pages\/185\/revisions"}],"predecessor-version":[{"id":633,"href":"https:\/\/isabellehaas.fr\/index.php\/wp-json\/wp\/v2\/pages\/185\/revisions\/633"}],"wp:attachment":[{"href":"https:\/\/isabellehaas.fr\/index.php\/wp-json\/wp\/v2\/media?parent=185"}],"curies":[{"name":"wp","href":"https:\/\/api.w.org\/{rel}","templated":true}]}}